{"id":167,"date":"2023-09-19T12:09:40","date_gmt":"2023-09-19T12:09:40","guid":{"rendered":"https:\/\/maimacher.com\/?page_id=167"},"modified":"2026-05-13T10:47:47","modified_gmt":"2026-05-13T10:47:47","slug":"deutsch-japanische-lounge","status":"publish","type":"page","link":"https:\/\/maimacher.com\/de\/deutsch-japanische-lounge\/","title":{"rendered":"Deutsch-japanische Lounge"},"content":{"rendered":"\n<div class=\"wp-block-columns is-layout-flex wp-container-core-columns-is-layout-9d6595d7 wp-block-columns-is-layout-flex\">\n<div class=\"wp-block-column is-layout-flow wp-block-column-is-layout-flow\">\n<p class=\"\">Einmal im Monat veranstalte ich ein Treffen, bei dem wir uns auf Japanisch und Deutsch unterhalten.<br>Jedes Mal kommen etwa 50 Personen zusammen, um \u00fcber ein vorgegebenes Thema zu sprechen.<br>Der Eintritt ist<strong> kostenlos<\/strong>.<\/p>\n\n\n\n<p class=\"\"><strong> (mindestens das Niveau A1 in Japanisch wird gebraucht. Dies ist kein Japanisch-Sprachkurs!)<\/strong><\/p>\n\n\n\n<p class=\"\">Wollen Sie Japanisch sprechen \u00fcben oder suchen einen Tandempartner?<br>Oder wenn Sie sich mit Japanern\/-innen anfreunden wollen, wenn Sie Interesse haben, jemandem Deutsch beizubringen\u2026<br>Jeder ist bei uns willkommen!<\/p>\n\n\n\n<p class=\"\">Wenn Sie teilnehmen m\u00f6chten, reservieren Sie Ihren Platz <strong><a href=\"https:\/\/maimacher.com\/events\/%e3%83%89%e3%82%a4%e3%83%84%e8%aa%9e%e6%97%a5%e6%9c%ac%e8%aa%9e%e3%83%a9%e3%82%a6%e3%83%b3%e3%82%b8-deutsch-japanische-lounge-2026%e5%b9%b45%e6%9c%8827%e6%97%a5\/\">hier<\/a><\/strong>.<br>(Am Tag der Veranstaltung gibt es eine Informationstafel am Eingang der Bibliothek).<\/p>\n\n\n\n<p class=\"has-medium-font-size\">\ud83d\udc49<strong>\u3000<a href=\"https:\/\/maimacher.com\/events\/%e3%83%89%e3%82%a4%e3%83%84%e8%aa%9e%e6%97%a5%e6%9c%ac%e8%aa%9e%e3%83%a9%e3%82%a6%e3%83%b3%e3%82%b8-deutsch-japanische-lounge-2026%e5%b9%b45%e6%9c%8827%e6%97%a5\/\">Anmeldung f\u00fcr die n\u00e4chste Veranstaltung<\/a><\/strong><\/p>\n\n\n\n<p class=\"has-medium-font-size\">\ud83d\udc49\u3000<a href=\"https:\/\/www.instagram.com\/mai.nihongo\/\">Aktuelle Informationen \u00fcber die Veranstaltung<\/a><\/p>\n<\/div>\n\n\n\n<div class=\"wp-block-column is-layout-flow wp-block-column-is-layout-flow\">\n<figure class=\"wp-block-image size-large\"><img loading=\"lazy\" decoding=\"async\" width=\"819\" height=\"1024\" src=\"https:\/\/maimacher.com\/wp-content\/uploads\/2026\/01\/DJ\u30e9\u30a6\u30f3\u30b82026\u5e74\u306e\u4e88\u5b9a-819x1024.png\" alt=\"\" class=\"wp-image-415\" srcset=\"https:\/\/maimacher.com\/wp-content\/uploads\/2026\/01\/DJ\u30e9\u30a6\u30f3\u30b82026\u5e74\u306e\u4e88\u5b9a-819x1024.png 819w, https:\/\/maimacher.com\/wp-content\/uploads\/2026\/01\/DJ\u30e9\u30a6\u30f3\u30b82026\u5e74\u306e\u4e88\u5b9a-240x300.png 240w, https:\/\/maimacher.com\/wp-content\/uploads\/2026\/01\/DJ\u30e9\u30a6\u30f3\u30b82026\u5e74\u306e\u4e88\u5b9a-768x960.png 768w, https:\/\/maimacher.com\/wp-content\/uploads\/2026\/01\/DJ\u30e9\u30a6\u30f3\u30b82026\u5e74\u306e\u4e88\u5b9a.png 1080w\" sizes=\"auto, (max-width: 819px) 100vw, 819px\" \/><\/figure>\n<\/div>\n<\/div>\n\n\n\n<p class=\"\"><\/p>\n\n\n\n<div style=\"height:60px\" aria-hidden=\"true\" class=\"wp-block-spacer\"><\/div>\n\n\n\n<div class=\"wp-block-columns is-layout-flex wp-container-core-columns-is-layout-9d6595d7 wp-block-columns-is-layout-flex\">\n<div class=\"wp-block-column is-layout-flow wp-block-column-is-layout-flow\">\n<p class=\"\"><strong>Geplantes Datum der Veranstaltung<\/strong><br><br>2026<br>28.01. \/25.02. \/ 25.03. \/ 22.04. \/ 27.05. \/ 24.06 <br>22.07. \/ 26.08. \/ 23.09. \/ 28.10. \/ 25.11. \/ 16.12.<br>(Vierter Mittwoch jedes Monats)<br>Mi. 18:30-20:00<br><\/p>\n\n\n\n<p class=\"\"><strong>Ort<\/strong><br><br>Stadtb\u00fcchereien D\u00fcsseldorf &#8211; Zentralbibliothek<br>Konrad-Adenauer-Platz 1<br>40210 D\u00fcsseldorf<\/p>\n<\/div>\n\n\n\n<div class=\"wp-block-column is-layout-flow wp-block-column-is-layout-flow\">\n<iframe src=\"https:\/\/www.google.com\/maps\/embed?pb=!1m18!1m12!1m3!1d2498.8399595213696!2d6.79312!3d51.222023799999995!2m3!1f0!2f0!3f0!3m2!1i1024!2i768!4f13.1!3m3!1m2!1s0x47b8ca33ec67ecc3%3A0x74e150d47f6718c7!2sD%C3%BCsseldorf%20city%20libraries!5e0!3m2!1sja!2sde!4v1694770051504!5m2!1sja!2sde\" width=\"600\" height=\"450\" style=\"border:0;\" allowfullscreen=\"\" loading=\"lazy\" referrerpolicy=\"no-referrer-when-downgrade\"><\/iframe>\n<\/div>\n<\/div>\n\n\n\n<div style=\"height:60px\" aria-hidden=\"true\" class=\"wp-block-spacer\"><\/div>\n\n\n\n<h6 class=\"wp-block-heading\" style=\"font-size:20px\">Fotos von den letzten Treffen<\/h6>\n\n\n\n<div class=\"wp-block-columns is-layout-flex wp-container-core-columns-is-layout-9d6595d7 wp-block-columns-is-layout-flex\">\n<div class=\"wp-block-column is-layout-flow wp-block-column-is-layout-flow\">\n<figure class=\"wp-block-image size-large\"><img loading=\"lazy\" decoding=\"async\" width=\"1024\" height=\"768\" src=\"https:\/\/maimacher.com\/wp-content\/uploads\/2023\/09\/214731_0-1024x768.jpg\" alt=\"\" class=\"wp-image-134\" srcset=\"https:\/\/maimacher.com\/wp-content\/uploads\/2023\/09\/214731_0-1024x768.jpg 1024w, https:\/\/maimacher.com\/wp-content\/uploads\/2023\/09\/214731_0-300x225.jpg 300w, https:\/\/maimacher.com\/wp-content\/uploads\/2023\/09\/214731_0-768x576.jpg 768w, https:\/\/maimacher.com\/wp-content\/uploads\/2023\/09\/214731_0.jpg 1477w\" sizes=\"auto, (max-width: 1024px) 100vw, 1024px\" \/><\/figure>\n<\/div>\n\n\n\n<div class=\"wp-block-column is-layout-flow wp-block-column-is-layout-flow\">\n<figure class=\"wp-block-image size-large\"><img loading=\"lazy\" decoding=\"async\" width=\"1024\" height=\"768\" src=\"https:\/\/maimacher.com\/wp-content\/uploads\/2023\/09\/214733_0-1024x768.jpg\" alt=\"\" class=\"wp-image-135\" srcset=\"https:\/\/maimacher.com\/wp-content\/uploads\/2023\/09\/214733_0-1024x768.jpg 1024w, https:\/\/maimacher.com\/wp-content\/uploads\/2023\/09\/214733_0-300x225.jpg 300w, https:\/\/maimacher.com\/wp-content\/uploads\/2023\/09\/214733_0-768x576.jpg 768w, https:\/\/maimacher.com\/wp-content\/uploads\/2023\/09\/214733_0.jpg 1477w\" sizes=\"auto, (max-width: 1024px) 100vw, 1024px\" \/><\/figure>\n<\/div>\n\n\n\n<div class=\"wp-block-column is-layout-flow wp-block-column-is-layout-flow\">\n<figure class=\"wp-block-image size-large\"><img loading=\"lazy\" decoding=\"async\" width=\"1024\" height=\"768\" src=\"https:\/\/maimacher.com\/wp-content\/uploads\/2023\/09\/214732_0-1024x768.jpg\" alt=\"\" class=\"wp-image-136\" srcset=\"https:\/\/maimacher.com\/wp-content\/uploads\/2023\/09\/214732_0-1024x768.jpg 1024w, https:\/\/maimacher.com\/wp-content\/uploads\/2023\/09\/214732_0-300x225.jpg 300w, https:\/\/maimacher.com\/wp-content\/uploads\/2023\/09\/214732_0-768x576.jpg 768w, https:\/\/maimacher.com\/wp-content\/uploads\/2023\/09\/214732_0.jpg 1477w\" sizes=\"auto, (max-width: 1024px) 100vw, 1024px\" \/><\/figure>\n<\/div>\n<\/div>\n\n\n\n<div class=\"wp-block-columns is-layout-flex wp-container-core-columns-is-layout-9d6595d7 wp-block-columns-is-layout-flex\">\n<div class=\"wp-block-column is-layout-flow wp-block-column-is-layout-flow\">\n<figure class=\"wp-block-image size-large\"><img loading=\"lazy\" decoding=\"async\" width=\"1024\" height=\"768\" src=\"https:\/\/maimacher.com\/wp-content\/uploads\/2024\/04\/227943_0-1024x768.jpg\" alt=\"\" class=\"wp-image-248\" srcset=\"https:\/\/maimacher.com\/wp-content\/uploads\/2024\/04\/227943_0-1024x768.jpg 1024w, https:\/\/maimacher.com\/wp-content\/uploads\/2024\/04\/227943_0-300x225.jpg 300w, https:\/\/maimacher.com\/wp-content\/uploads\/2024\/04\/227943_0-768x576.jpg 768w, https:\/\/maimacher.com\/wp-content\/uploads\/2024\/04\/227943_0.jpg 1477w\" sizes=\"auto, (max-width: 1024px) 100vw, 1024px\" \/><\/figure>\n<\/div>\n\n\n\n<div class=\"wp-block-column is-layout-flow wp-block-column-is-layout-flow\">\n<figure class=\"wp-block-image size-large\"><img loading=\"lazy\" decoding=\"async\" width=\"1024\" height=\"768\" src=\"https:\/\/maimacher.com\/wp-content\/uploads\/2024\/04\/221928-1024x768.jpg\" alt=\"\" class=\"wp-image-249\" srcset=\"https:\/\/maimacher.com\/wp-content\/uploads\/2024\/04\/221928-1024x768.jpg 1024w, https:\/\/maimacher.com\/wp-content\/uploads\/2024\/04\/221928-300x225.jpg 300w, https:\/\/maimacher.com\/wp-content\/uploads\/2024\/04\/221928-768x576.jpg 768w, https:\/\/maimacher.com\/wp-content\/uploads\/2024\/04\/221928.jpg 1477w\" sizes=\"auto, (max-width: 1024px) 100vw, 1024px\" \/><\/figure>\n<\/div>\n\n\n\n<div class=\"wp-block-column is-layout-flow wp-block-column-is-layout-flow\">\n<h5 class=\"wp-block-heading\"><br><br>Im Dezember waren wir alle auf dem Weihnachtsmarkt in D\u00fcsseldorf.<\/h5>\n<\/div>\n<\/div>\n","protected":false},"excerpt":{"rendered":"<p>Einmal im Monat veranstalte ich ein Treffen, bei dem wir uns auf Japanisch und Deutsch unterhalten.Jedes Mal kommen etwa 50 Personen zusammen, um \u00fcber ein vorgegebenes Thema zu sprechen.Der Eintritt ist kostenlos. (mindestens das Niveau A1 in Japanisch wird gebraucht. Dies ist kein Japanisch-Sprachkurs!) Wollen Sie Japanisch sprechen \u00fcben oder suchen einen Tandempartner?Oder wenn Sie [&hellip;]<\/p>\n","protected":false},"author":2,"featured_media":0,"parent":0,"menu_order":0,"comment_status":"closed","ping_status":"closed","template":"","meta":{"nf_dc_page":"","_locale":"de_DE","_original_post":"https:\/\/maimacher.com\/?page_id=90","_lightning_design_setting":{"layout":"col-one-no-subsection"},"footnotes":""},"class_list":["post-167","page","type-page","status-publish","hentry","de-DE"],"_links":{"self":[{"href":"https:\/\/maimacher.com\/wp-json\/wp\/v2\/pages\/167","targetHints":{"allow":["GET"]}}],"collection":[{"href":"https:\/\/maimacher.com\/wp-json\/wp\/v2\/pages"}],"about":[{"href":"https:\/\/maimacher.com\/wp-json\/wp\/v2\/types\/page"}],"author":[{"embeddable":true,"href":"https:\/\/maimacher.com\/wp-json\/wp\/v2\/users\/2"}],"replies":[{"embeddable":true,"href":"https:\/\/maimacher.com\/wp-json\/wp\/v2\/comments?post=167"}],"version-history":[{"count":20,"href":"https:\/\/maimacher.com\/wp-json\/wp\/v2\/pages\/167\/revisions"}],"predecessor-version":[{"id":432,"href":"https:\/\/maimacher.com\/wp-json\/wp\/v2\/pages\/167\/revisions\/432"}],"wp:attachment":[{"href":"https:\/\/maimacher.com\/wp-json\/wp\/v2\/media?parent=167"}],"curies":[{"name":"wp","href":"https:\/\/api.w.org\/{rel}","templated":true}]}}