{"id":229,"date":"2024-03-21T11:32:58","date_gmt":"2024-03-21T11:32:58","guid":{"rendered":"https:\/\/maimacher.com\/?page_id=229"},"modified":"2024-04-16T20:53:20","modified_gmt":"2024-04-16T20:53:20","slug":"%e3%83%88%e3%83%83%e3%83%97%e3%83%9a%e3%83%bc%e3%82%b8","status":"publish","type":"page","link":"https:\/\/maimacher.com\/","title":{"rendered":"\u30c8\u30c3\u30d7\u30da\u30fc\u30b8"},"content":{"rendered":"\n<div style=\"height:100px\" aria-hidden=\"true\" class=\"wp-block-spacer\"><\/div>\n\n\n\n<div class=\"wp-block-columns is-layout-flex wp-container-core-columns-is-layout-9d6595d7 wp-block-columns-is-layout-flex\">\n<div class=\"wp-block-column is-layout-flow wp-block-column-is-layout-flow\">\n<h1 class=\"wp-block-heading has-large-font-size\">Die Welt durch die &#8220;Japanisch-Brille&#8221; sehen<\/h1>\n\n\n\n<p class=\"\"><\/p>\n\n\n\n<p class=\"has-small-font-size\">\u30fbPrivatunterricht \/ Gruppenunterricht<br>\u30fbPr\u00e4senzunterricht \/ Onlineunterricht<br>\u30fbSprachaustausch<\/p>\n\n\n\n<p class=\"\"><\/p>\n\n\n\n<h6 class=\"wp-block-heading has-medium-font-size\">Ich biete Japanischunterricht nach Ihren W\u00fcnschen an!<\/h6>\n<\/div>\n\n\n\n<div class=\"wp-block-column is-layout-flow wp-block-column-is-layout-flow\">\n<figure class=\"wp-block-image size-large is-resized\"><img loading=\"lazy\" decoding=\"async\" width=\"1024\" height=\"683\" src=\"https:\/\/maimacher.com\/wp-content\/uploads\/2023\/09\/maimacher20220220_107-1024x683.jpg\" alt=\"\" class=\"wp-image-22\" style=\"width:449px;height:299px\" srcset=\"https:\/\/maimacher.com\/wp-content\/uploads\/2023\/09\/maimacher20220220_107-1024x683.jpg 1024w, https:\/\/maimacher.com\/wp-content\/uploads\/2023\/09\/maimacher20220220_107-300x200.jpg 300w, https:\/\/maimacher.com\/wp-content\/uploads\/2023\/09\/maimacher20220220_107-768x512.jpg 768w, https:\/\/maimacher.com\/wp-content\/uploads\/2023\/09\/maimacher20220220_107-1536x1024.jpg 1536w, https:\/\/maimacher.com\/wp-content\/uploads\/2023\/09\/maimacher20220220_107-2048x1365.jpg 2048w\" sizes=\"auto, (max-width: 1024px) 100vw, 1024px\" \/><\/figure>\n<\/div>\n<\/div>\n\n\n\n<div style=\"height:100px\" aria-hidden=\"true\" class=\"wp-block-spacer\"><\/div>\n\n\n\n<div class=\"wp-block-cover alignfull is-light\"><span aria-hidden=\"true\" class=\"wp-block-cover__background has-background-dim-0 has-background-dim\"><\/span><img loading=\"lazy\" decoding=\"async\" width=\"600\" height=\"300\" class=\"wp-block-cover__image-background wp-image-50\" alt=\"\" src=\"https:\/\/maimacher.com\/wp-content\/uploads\/2023\/09\/\u30ab\u30d0\u30fc\uff12.png\" data-object-fit=\"cover\" srcset=\"https:\/\/maimacher.com\/wp-content\/uploads\/2023\/09\/\u30ab\u30d0\u30fc\uff12.png 600w, https:\/\/maimacher.com\/wp-content\/uploads\/2023\/09\/\u30ab\u30d0\u30fc\uff12-300x150.png 300w\" sizes=\"auto, (max-width: 600px) 100vw, 600px\" \/><div class=\"wp-block-cover__inner-container is-layout-constrained wp-block-cover-is-layout-constrained\">\n<div style=\"height:60px\" aria-hidden=\"true\" class=\"wp-block-spacer\"><\/div>\n\n\n\n<h1 class=\"wp-block-heading has-text-align-center\" style=\"font-size:26px\">Was m\u00f6chten Sie?<\/h1>\n\n\n\n<div class=\"wp-block-columns is-layout-flex wp-container-core-columns-is-layout-9d6595d7 wp-block-columns-is-layout-flex\">\n<div class=\"wp-block-column is-layout-flow wp-block-column-is-layout-flow\">\n<figure class=\"wp-block-image size-full\"><img loading=\"lazy\" decoding=\"async\" width=\"600\" height=\"600\" src=\"https:\/\/maimacher.com\/wp-content\/uploads\/2023\/09\/4-3.png\" alt=\"\" class=\"wp-image-71\" srcset=\"https:\/\/maimacher.com\/wp-content\/uploads\/2023\/09\/4-3.png 600w, https:\/\/maimacher.com\/wp-content\/uploads\/2023\/09\/4-3-300x300.png 300w, https:\/\/maimacher.com\/wp-content\/uploads\/2023\/09\/4-3-150x150.png 150w\" sizes=\"auto, (max-width: 600px) 100vw, 600px\" \/><\/figure>\n\n\n\n<h6 class=\"wp-block-heading has-text-align-center has-medium-font-size\">Unterricht, der in meinen Zeitplan passt<\/h6>\n<\/div>\n\n\n\n<div class=\"wp-block-column is-layout-flow wp-block-column-is-layout-flow\">\n<figure class=\"wp-block-image size-full\"><img loading=\"lazy\" decoding=\"async\" width=\"600\" height=\"600\" src=\"https:\/\/maimacher.com\/wp-content\/uploads\/2024\/03\/2-1.png\" alt=\"\" class=\"wp-image-177\" srcset=\"https:\/\/maimacher.com\/wp-content\/uploads\/2024\/03\/2-1.png 600w, https:\/\/maimacher.com\/wp-content\/uploads\/2024\/03\/2-1-300x300.png 300w, https:\/\/maimacher.com\/wp-content\/uploads\/2024\/03\/2-1-150x150.png 150w\" sizes=\"auto, (max-width: 600px) 100vw, 600px\" \/><\/figure>\n\n\n\n<h6 class=\"wp-block-heading has-text-align-center has-medium-font-size\">nach Japan reisen \/<br>auf Reisen Japanisch sprechen<\/h6>\n<\/div>\n\n\n\n<div class=\"wp-block-column is-layout-flow wp-block-column-is-layout-flow\">\n<figure class=\"wp-block-image size-full is-resized\"><img loading=\"lazy\" decoding=\"async\" width=\"600\" height=\"600\" src=\"https:\/\/maimacher.com\/wp-content\/uploads\/2024\/03\/\u30a2\u30a4\u30b3\u30f3\uff11.png\" alt=\"\" class=\"wp-image-192\" style=\"width:421px;height:auto\" srcset=\"https:\/\/maimacher.com\/wp-content\/uploads\/2024\/03\/\u30a2\u30a4\u30b3\u30f3\uff11.png 600w, https:\/\/maimacher.com\/wp-content\/uploads\/2024\/03\/\u30a2\u30a4\u30b3\u30f3\uff11-300x300.png 300w, https:\/\/maimacher.com\/wp-content\/uploads\/2024\/03\/\u30a2\u30a4\u30b3\u30f3\uff11-150x150.png 150w\" sizes=\"auto, (max-width: 600px) 100vw, 600px\" \/><\/figure>\n\n\n\n<h6 class=\"wp-block-heading has-text-align-center has-medium-font-size\">Japanisch f\u00fcr die Arbeit lernen<\/h6>\n<\/div>\n<\/div>\n\n\n\n<div class=\"wp-block-columns is-layout-flex wp-container-core-columns-is-layout-9d6595d7 wp-block-columns-is-layout-flex\">\n<div class=\"wp-block-column is-layout-flow wp-block-column-is-layout-flow\">\n<figure class=\"wp-block-image size-full\"><img loading=\"lazy\" decoding=\"async\" width=\"600\" height=\"600\" src=\"https:\/\/maimacher.com\/wp-content\/uploads\/2023\/09\/5-3.png\" alt=\"\" class=\"wp-image-72\" srcset=\"https:\/\/maimacher.com\/wp-content\/uploads\/2023\/09\/5-3.png 600w, https:\/\/maimacher.com\/wp-content\/uploads\/2023\/09\/5-3-300x300.png 300w, https:\/\/maimacher.com\/wp-content\/uploads\/2023\/09\/5-3-150x150.png 150w\" sizes=\"auto, (max-width: 600px) 100vw, 600px\" \/><\/figure>\n\n\n\n<h6 class=\"wp-block-heading has-text-align-center has-medium-font-size\">mich auf Gesch\u00e4ftsreisen und Entsendungen <br>nach Japan vorbereiten<\/h6>\n<\/div>\n\n\n\n<div class=\"wp-block-column is-layout-flow wp-block-column-is-layout-flow\">\n<figure class=\"wp-block-gallery has-nested-images columns-default is-cropped wp-block-gallery-1 is-layout-flex wp-block-gallery-is-layout-flex\">\n<figure class=\"wp-block-image size-full\"><img loading=\"lazy\" decoding=\"async\" width=\"600\" height=\"600\" data-id=\"68\" src=\"https:\/\/maimacher.com\/wp-content\/uploads\/2023\/09\/1-4.png\" alt=\"\" class=\"wp-image-68\" srcset=\"https:\/\/maimacher.com\/wp-content\/uploads\/2023\/09\/1-4.png 600w, https:\/\/maimacher.com\/wp-content\/uploads\/2023\/09\/1-4-300x300.png 300w, https:\/\/maimacher.com\/wp-content\/uploads\/2023\/09\/1-4-150x150.png 150w\" sizes=\"auto, (max-width: 600px) 100vw, 600px\" \/><\/figure>\n<\/figure>\n\n\n\n<h6 class=\"wp-block-heading has-text-align-center has-medium-font-size\">eine Japanisch-Qualifikation erwerben<\/h6>\n<\/div>\n\n\n\n<div class=\"wp-block-column is-layout-flow wp-block-column-is-layout-flow\">\n<figure class=\"wp-block-image size-full\"><img loading=\"lazy\" decoding=\"async\" width=\"600\" height=\"600\" src=\"https:\/\/maimacher.com\/wp-content\/uploads\/2024\/03\/\u30a2\u30a4\u30b3\u30f3-1.png\" alt=\"\" class=\"wp-image-191\" srcset=\"https:\/\/maimacher.com\/wp-content\/uploads\/2024\/03\/\u30a2\u30a4\u30b3\u30f3-1.png 600w, https:\/\/maimacher.com\/wp-content\/uploads\/2024\/03\/\u30a2\u30a4\u30b3\u30f3-1-300x300.png 300w, https:\/\/maimacher.com\/wp-content\/uploads\/2024\/03\/\u30a2\u30a4\u30b3\u30f3-1-150x150.png 150w\" sizes=\"auto, (max-width: 600px) 100vw, 600px\" \/><\/figure>\n\n\n\n<h6 class=\"wp-block-heading has-text-align-center has-medium-font-size\">Japanisch sprechen \u00fcben \/<br>Japanische Freunde finden<\/h6>\n<\/div>\n<\/div>\n\n\n\n<div style=\"height:60px\" aria-hidden=\"true\" class=\"wp-block-spacer\"><\/div>\n<\/div><\/div>\n\n\n\n<div style=\"height:60px\" aria-hidden=\"true\" class=\"wp-block-spacer\"><\/div>\n\n\n\n<h1 class=\"wp-block-heading has-text-align-center\" id=\"service\" style=\"font-size:26px\">Meine Dienstleistungen<\/h1>\n\n\n\n<div style=\"height:37px\" aria-hidden=\"true\" class=\"wp-block-spacer\"><\/div>\n\n\n\n<div class=\"wp-block-columns is-layout-flex wp-container-core-columns-is-layout-9d6595d7 wp-block-columns-is-layout-flex\">\n<div class=\"wp-block-column is-layout-flow wp-block-column-is-layout-flow\">\n<figure class=\"is-style-default wp-block-image size-full\"><img loading=\"lazy\" decoding=\"async\" width=\"600\" height=\"300\" src=\"https:\/\/maimacher.com\/wp-content\/uploads\/2023\/09\/4.png\" alt=\"\" class=\"wp-image-29\" srcset=\"https:\/\/maimacher.com\/wp-content\/uploads\/2023\/09\/4.png 600w, https:\/\/maimacher.com\/wp-content\/uploads\/2023\/09\/4-300x150.png 300w\" sizes=\"auto, (max-width: 600px) 100vw, 600px\" \/><\/figure>\n\n\n\n<h6 class=\"wp-block-heading has-text-align-center\" style=\"font-size:20px\">Privatunterricht <br>(Pr\u00e4senz \/ Online)<\/h6>\n\n\n\n<p class=\"\"><\/p>\n\n\n\n<p class=\"\">Wo und wann Sie wollen! Sie k\u00f6nnen die Anzahl der Termine und die Dauer des Kurses w\u00e4hlen.<br>Ich bespreche gerne mit Ihnen, was genau Sie lernen m\u00f6chten.<\/p>\n\n\n\n<div class=\"wp-block-buttons is-content-justification-center is-layout-flex wp-container-core-buttons-is-layout-16018d1d wp-block-buttons-is-layout-flex\">\n<div class=\"wp-block-button\"><a class=\"wp-block-button__link has-pale-pink-background-color has-background wp-element-button\" href=\"https:\/\/maimacher.com\/privatelesson\/\" style=\"border-radius:24px\">Mehr erfahren<\/a><\/div>\n<\/div>\n<\/div>\n\n\n\n<div class=\"wp-block-column is-layout-flow wp-block-column-is-layout-flow\">\n<figure class=\"wp-block-image size-full\"><img loading=\"lazy\" decoding=\"async\" width=\"600\" height=\"300\" src=\"https:\/\/maimacher.com\/wp-content\/uploads\/2023\/09\/2-1.png\" alt=\"\" class=\"wp-image-30\" srcset=\"https:\/\/maimacher.com\/wp-content\/uploads\/2023\/09\/2-1.png 600w, https:\/\/maimacher.com\/wp-content\/uploads\/2023\/09\/2-1-300x150.png 300w\" sizes=\"auto, (max-width: 600px) 100vw, 600px\" \/><\/figure>\n\n\n\n<h6 class=\"wp-block-heading has-text-align-center\" style=\"font-size:20px\">Unterricht f\u00fcr Unternehmen<br>(Pr\u00e4senz \/ Online)<\/h6>\n\n\n\n<p class=\"\"><\/p>\n\n\n\n<p class=\"\">Ich biete auch Pr\u00e4senzunterricht in Ihrem B\u00fcro oder Online-Unterricht an. Wir k\u00f6nnen den Lehrplan auf Ihre Bed\u00fcrfnisse zuschneiden.<br><\/p>\n\n\n\n<div class=\"wp-block-buttons is-content-justification-center is-layout-flex wp-container-core-buttons-is-layout-16018d1d wp-block-buttons-is-layout-flex\">\n<div class=\"wp-block-button\"><a class=\"wp-block-button__link has-pale-pink-background-color has-background wp-element-button\" href=\"https:\/\/maimacher.com\/japaneselessonsforcompanies\/\" style=\"border-radius:24px\">Mehr erfahren<\/a><\/div>\n<\/div>\n<\/div>\n<\/div>\n\n\n\n<div style=\"height:20px\" aria-hidden=\"true\" class=\"wp-block-spacer\"><\/div>\n\n\n\n<div class=\"wp-block-columns is-layout-flex wp-container-core-columns-is-layout-9d6595d7 wp-block-columns-is-layout-flex\">\n<div class=\"wp-block-column is-layout-flow wp-block-column-is-layout-flow\">\n<figure class=\"wp-block-image size-full\"><img loading=\"lazy\" decoding=\"async\" width=\"600\" height=\"300\" src=\"https:\/\/maimacher.com\/wp-content\/uploads\/2023\/09\/5.png\" alt=\"\" class=\"wp-image-31\" srcset=\"https:\/\/maimacher.com\/wp-content\/uploads\/2023\/09\/5.png 600w, https:\/\/maimacher.com\/wp-content\/uploads\/2023\/09\/5-300x150.png 300w\" sizes=\"auto, (max-width: 600px) 100vw, 600px\" \/><\/figure>\n\n\n\n<h6 class=\"wp-block-heading has-text-align-center\" style=\"font-size:20px\">Business-Japanisch-Kurse<br>(Video)<\/h6>\n\n\n\n<p class=\"\"><\/p>\n\n\n\n<p class=\"\">F\u00fcr diejenigen, die Japanisch bei der Arbeit verwenden und Keigo richtig lernen wollen, biete ich Business-Japanisch-Kurse als Videoserie an.<br><\/p>\n\n\n\n<div class=\"wp-block-buttons is-content-justification-center is-layout-flex wp-container-core-buttons-is-layout-16018d1d wp-block-buttons-is-layout-flex\">\n<div class=\"wp-block-button\"><a class=\"wp-block-button__link has-pale-pink-background-color has-background wp-element-button\" href=\"https:\/\/maimacher.com\/business-japanese-course\/\" style=\"border-radius:24px\">Mehr erfahren<\/a><\/div>\n<\/div>\n<\/div>\n\n\n\n<div class=\"wp-block-column is-layout-flow wp-block-column-is-layout-flow\">\n<figure class=\"wp-block-image size-full\"><img loading=\"lazy\" decoding=\"async\" width=\"600\" height=\"300\" src=\"https:\/\/maimacher.com\/wp-content\/uploads\/2024\/03\/600-300.png\" alt=\"\" class=\"wp-image-193\" srcset=\"https:\/\/maimacher.com\/wp-content\/uploads\/2024\/03\/600-300.png 600w, https:\/\/maimacher.com\/wp-content\/uploads\/2024\/03\/600-300-300x150.png 300w\" sizes=\"auto, (max-width: 600px) 100vw, 600px\" \/><\/figure>\n\n\n\n<h6 class=\"wp-block-heading has-text-align-center\" style=\"font-size:20px\">Deutsch-japanische Lounge<\/h6>\n\n\n\n<p class=\"\"><\/p>\n\n\n\n<p class=\"\">Einmal im Monat findet in der Zentralbibliothek D\u00fcsseldorf ein deutsch-japanisches Treffen statt.<br><\/p>\n\n\n\n<div class=\"wp-block-buttons is-content-justification-center is-layout-flex wp-container-core-buttons-is-layout-16018d1d wp-block-buttons-is-layout-flex\">\n<div class=\"wp-block-button\"><a class=\"wp-block-button__link has-pale-pink-background-color has-background wp-element-button\" href=\"https:\/\/maimacher.com\/deutsxh-japanische-lounge\/\" style=\"border-radius:24px\">Mehr erfahren<\/a><\/div>\n<\/div>\n<\/div>\n<\/div>\n\n\n\n<div class=\"wp-block-columns is-layout-flex wp-container-core-columns-is-layout-9d6595d7 wp-block-columns-is-layout-flex\">\n<div class=\"wp-block-column is-layout-flow wp-block-column-is-layout-flow\">\n<p class=\"\"><\/p>\n<\/div>\n<\/div>\n\n\n\n<div class=\"wp-block-cover alignfull is-light\"><span aria-hidden=\"true\" class=\"wp-block-cover__background has-background-dim-0 has-background-dim\"><\/span><img loading=\"lazy\" decoding=\"async\" width=\"600\" height=\"300\" class=\"wp-block-cover__image-background wp-image-52\" alt=\"\" src=\"https:\/\/maimacher.com\/wp-content\/uploads\/2023\/09\/\u30ab\u30d0\u30fc\uff12-2.png\" data-object-fit=\"cover\" srcset=\"https:\/\/maimacher.com\/wp-content\/uploads\/2023\/09\/\u30ab\u30d0\u30fc\uff12-2.png 600w, https:\/\/maimacher.com\/wp-content\/uploads\/2023\/09\/\u30ab\u30d0\u30fc\uff12-2-300x150.png 300w\" sizes=\"auto, (max-width: 600px) 100vw, 600px\" \/><div class=\"wp-block-cover__inner-container is-layout-constrained wp-block-cover-is-layout-constrained\">\n<h1 class=\"wp-block-heading has-text-align-center\" style=\"font-size:30px\">FAQ<\/h1>\n\n\n\n<p class=\"\"><\/p>\n\n\n\n<h6 class=\"wp-block-heading\" style=\"font-size:20px\">Q. Kann ich beginnen, auch wenn ich noch nie Japanisch gelernt habe?<\/h6>\n\n\n\n<p class=\"\"><\/p>\n\n\n\n<p class=\"\">\u00dcberhaupt kein Problem. Sie k\u00f6nnen den Unterricht auf jedem Niveau beginnen. Es ist auch m\u00f6glich, Unterricht auf Englisch oder Deutsch zu nehmen.<\/p>\n\n\n\n<h6 class=\"wp-block-heading\" style=\"font-size:20px\">Q. Welche Lehrb\u00fccher und Unterrichtsmaterialien werden verwendet?<\/h6>\n\n\n\n<p class=\"\"><\/p>\n\n\n\n<p class=\"\">Wenn Sie eine Pr\u00e4ferenz haben, k\u00f6nnen wir diese verwenden. Wenn nicht, k\u00f6nnen wir die Materialien gemeinsam entscheiden, nachdem wir \u00fcber Ihre inhaltlichen W\u00fcnsche gesprochen haben.<\/p>\n<\/div><\/div>\n\n\n\n<div style=\"height:60px\" aria-hidden=\"true\" class=\"wp-block-spacer\"><\/div>\n\n\n\n<h1 class=\"wp-block-heading has-text-align-center\" id=\"introduce\" style=\"font-size:30px\">\u00dcber mich<\/h1>\n\n\n\n<div style=\"height:25px\" aria-hidden=\"true\" class=\"wp-block-spacer\"><\/div>\n\n\n\n<div class=\"wp-block-columns is-layout-flex wp-container-core-columns-is-layout-9d6595d7 wp-block-columns-is-layout-flex\">\n<div class=\"wp-block-column is-layout-flow wp-block-column-is-layout-flow\">\n<div style=\"height:5px\" aria-hidden=\"true\" class=\"wp-block-spacer\"><\/div>\n\n\n\n<figure class=\"wp-block-image size-full\"><img loading=\"lazy\" decoding=\"async\" width=\"600\" height=\"400\" src=\"https:\/\/maimacher.com\/wp-content\/uploads\/2023\/09\/2-2.png\" alt=\"\" class=\"wp-image-42\" srcset=\"https:\/\/maimacher.com\/wp-content\/uploads\/2023\/09\/2-2.png 600w, https:\/\/maimacher.com\/wp-content\/uploads\/2023\/09\/2-2-300x200.png 300w\" sizes=\"auto, (max-width: 600px) 100vw, 600px\" \/><\/figure>\n<\/div>\n\n\n\n<div class=\"wp-block-column is-layout-flow wp-block-column-is-layout-flow\">\n<p class=\"\"><\/p>\n\n\n\n<h6 class=\"wp-block-heading has-text-align-left\" style=\"font-size:24px\">Mai Macher \/ \u30de\u30c3\u30cf\u30fc \u821e<\/h6>\n\n\n\n<p class=\"\">Ich bin seit 11 Jahren als Japanischlehrerin t\u00e4tig.<br>In dieser Zeit habe ich mich zwischen Japan, den USA und Deutschland bewegt und habe Japanischunterricht an Universit\u00e4ten und f\u00fcr Berufst\u00e4tige gegeben.<br>Ich m\u00f6chte Ihnen helfen, in Ihrem individuellen Tempo zu lernen und sich so langfristig zu motivieren.<br>Ich werde mein Bestes tun, um Sie bei Ihrem Japanischstudium zu unterst\u00fctzen.<br>Lassen Sie uns zusammen Spa\u00df haben!<\/p>\n\n\n\n<div class=\"wp-block-group\"><div class=\"wp-block-group__inner-container is-layout-constrained wp-block-group-is-layout-constrained\">\n<div class=\"wp-block-columns is-layout-flex wp-container-core-columns-is-layout-9d6595d7 wp-block-columns-is-layout-flex\">\n<div class=\"wp-block-column is-layout-flow wp-block-column-is-layout-flow\" style=\"flex-basis:100%\">\n<div class=\"wp-block-buttons is-layout-flex wp-block-buttons-is-layout-flex\">\n<div class=\"wp-block-button\"><a class=\"wp-block-button__link has-pale-pink-background-color has-background has-text-align-center wp-element-button\" href=\"https:\/\/maimacher.com\/profile\/\" style=\"border-radius:24px\">Mehr erfahren<\/a><\/div>\n<\/div>\n<\/div>\n<\/div>\n<\/div><\/div>\n<\/div>\n<\/div>\n\n\n\n<div style=\"height:60px\" aria-hidden=\"true\" class=\"wp-block-spacer\"><\/div>\n","protected":false},"excerpt":{"rendered":"<p>Die Welt durch die &#8220;Japanisch-Brille&#8221; sehen \u30fbPrivatunterricht \/ Gruppenunterricht\u30fbPr\u00e4senzunterricht \/ Onlineunterricht\u30fbSprachaustausch Ich biete Japanischunterricht nach Ihren W\u00fcnschen an! Meine Dienstleistungen Privatunterricht (Pr\u00e4senz \/ Online) Wo und wann Sie wollen! Sie k\u00f6nnen die Anzahl der Termine und die Dauer des Kurses w\u00e4hlen.Ich bespreche gerne mit Ihnen, was genau Sie lernen m\u00f6chten. Unterricht f\u00fcr Unternehmen(Pr\u00e4senz \/ Online) [&hellip;]<\/p>\n","protected":false},"author":2,"featured_media":0,"parent":0,"menu_order":0,"comment_status":"closed","ping_status":"closed","template":"","meta":{"nf_dc_page":"","_locale":"de_DE","_original_post":"https:\/\/maimacher.com\/?page_id=20","_lightning_design_setting":{"layout":"col-one"},"footnotes":""},"class_list":["post-229","page","type-page","status-publish","hentry","de-DE"],"_links":{"self":[{"href":"https:\/\/maimacher.com\/wp-json\/wp\/v2\/pages\/229","targetHints":{"allow":["GET"]}}],"collection":[{"href":"https:\/\/maimacher.com\/wp-json\/wp\/v2\/pages"}],"about":[{"href":"https:\/\/maimacher.com\/wp-json\/wp\/v2\/types\/page"}],"author":[{"embeddable":true,"href":"https:\/\/maimacher.com\/wp-json\/wp\/v2\/users\/2"}],"replies":[{"embeddable":true,"href":"https:\/\/maimacher.com\/wp-json\/wp\/v2\/comments?post=229"}],"version-history":[{"count":5,"href":"https:\/\/maimacher.com\/wp-json\/wp\/v2\/pages\/229\/revisions"}],"predecessor-version":[{"id":263,"href":"https:\/\/maimacher.com\/wp-json\/wp\/v2\/pages\/229\/revisions\/263"}],"wp:attachment":[{"href":"https:\/\/maimacher.com\/wp-json\/wp\/v2\/media?parent=229"}],"curies":[{"name":"wp","href":"https:\/\/api.w.org\/{rel}","templated":true}]}}